{"id":25,"date":"2025-11-05T17:03:18","date_gmt":"2025-11-05T17:03:18","guid":{"rendered":"https:\/\/cetprofeyalegria23.edu.pe\/?page_id=25"},"modified":"2025-11-17T07:13:48","modified_gmt":"2025-11-17T07:13:48","slug":"inicio","status":"publish","type":"page","link":"https:\/\/cetprofeyalegria23.edu.pe\/","title":{"rendered":"Inicio"},"content":{"rendered":"\n<hr class=\"wp-block-separator has-alpha-channel-opacity\"\/>\n\n\n\n<h2 class=\"wp-block-heading alignfull has-text-align-center has-cm-color-3-color has-cm-color-2-background-color has-text-color has-background has-link-color wp-elements-d451c68baf038a78dfb370b888af400f\"><strong>ACTIVIDADES RECIENTES<\/strong><\/h2>\n\n\n\n<div class=\"wp-block-group is-layout-constrained wp-block-group-is-layout-constrained\">\n<div class=\"wp-block-columns is-layout-flex wp-container-core-columns-is-layout-28f84493 wp-block-columns-is-layout-flex\">\n<div class=\"wp-block-column is-layout-flow wp-block-column-is-layout-flow\">\n<figure class=\"wp-block-embed is-type-video is-provider-youtube wp-block-embed-youtube wp-embed-aspect-9-16 wp-has-aspect-ratio\"><div class=\"wp-block-embed__wrapper\">\n<iframe loading=\"lazy\" title=\"10 de noviembre de 2025\" width=\"563\" height=\"1000\" src=\"https:\/\/www.youtube.com\/embed\/7ORjYq7tkCg?feature=oembed\" frameborder=\"0\" allow=\"accelerometer; autoplay; clipboard-write; encrypted-media; gyroscope; picture-in-picture; web-share\" referrerpolicy=\"strict-origin-when-cross-origin\" allowfullscreen><\/iframe>\n<\/div><\/figure>\n<\/div>\n\n\n\n<div class=\"wp-block-column is-vertically-aligned-center is-layout-flow wp-block-column-is-layout-flow\">\n<p class=\"has-text-align-center\"><strong>SORTEO DEL AUDIFONO AUSPICIADO POR LA INSTITUCION FE Y ALEGRIA DEL PER\u00da<\/strong><\/p>\n\n\n\n<p class=\"has-text-align-center\"><p style=\"text-align: justify;\">Se realizo un sorteo entre estudiantes que apoyaron en la venta de las RIFAS FE y ALEGR\u00cdA 2025. Muchas gracias.<\/p><\/p>\n<\/div>\n<\/div>\n\n\n\n<div class=\"wp-block-columns is-layout-flex wp-container-core-columns-is-layout-28f84493 wp-block-columns-is-layout-flex\">\n<div class=\"wp-block-column is-layout-flow wp-block-column-is-layout-flow\">\n<figure class=\"wp-block-image size-large\"><a href=\"https:\/\/cetprofeyalegria23.edu.pe\/index.php\/galeria-concurso-emprendimiento-e-inovacion-2025\/\"><img loading=\"lazy\" decoding=\"async\" width=\"1024\" height=\"576\" src=\"https:\/\/cetprofeyalegria23.edu.pe\/wp-content\/uploads\/2025\/11\/GANADORES-DEL-CONCURSO-e1762531487321-1024x576.jpeg\" alt=\"\" class=\"wp-image-49\" style=\"aspect-ratio:4\/3;object-fit:cover\" srcset=\"https:\/\/cetprofeyalegria23.edu.pe\/wp-content\/uploads\/2025\/11\/GANADORES-DEL-CONCURSO-e1762531487321-1024x576.jpeg 1024w, https:\/\/cetprofeyalegria23.edu.pe\/wp-content\/uploads\/2025\/11\/GANADORES-DEL-CONCURSO-e1762531487321-300x169.jpeg 300w, https:\/\/cetprofeyalegria23.edu.pe\/wp-content\/uploads\/2025\/11\/GANADORES-DEL-CONCURSO-e1762531487321-768x432.jpeg 768w, https:\/\/cetprofeyalegria23.edu.pe\/wp-content\/uploads\/2025\/11\/GANADORES-DEL-CONCURSO-e1762531487321.jpeg 1245w\" sizes=\"auto, (max-width: 1024px) 100vw, 1024px\" \/><\/a><\/figure>\n<\/div>\n\n\n\n<div class=\"wp-block-column is-vertically-aligned-bottom is-layout-constrained wp-block-column-is-layout-constrained\">\n<p class=\"has-text-align-center\"><strong>CONCURSO DE EMPRENDIMIENTO E INNOVACION &#8211; CETPRO FE Y ALEGRIA 23<\/strong><\/p>\n\n\n\n<p class=\"has-text-align-center\"><p style=\"text-align: justify;\">Concurso y premiaci\u00f3n de emprendimiento e innovaci\u00f3n de los estudiantes del Cetpro Fe y Alegr\u00eda 23. Agradecemos de manera especial el valioso apoyo de Accenture, Fe y Alegr\u00eda, Generalitat Valenciana, Cooperaci\u00f3 Valenciana y Entreculturas, aliados que hacen posible el desarrollo de iniciativas educativas y emprendedoras que transforman vidas.<\/p><\/p>\n\n\n\n<div class=\"wp-block-columns is-layout-flex wp-container-core-columns-is-layout-28f84493 wp-block-columns-is-layout-flex\">\n<div class=\"wp-block-column is-layout-flow wp-block-column-is-layout-flow\" style=\"flex-basis:100%\"><\/div>\n<\/div>\n<\/div>\n<\/div>\n\n\n\n<div class=\"wp-block-columns is-layout-flex wp-container-core-columns-is-layout-28f84493 wp-block-columns-is-layout-flex\">\n<div class=\"wp-block-column is-layout-flow wp-block-column-is-layout-flow\">\n<figure class=\"wp-block-image size-large\"><img loading=\"lazy\" decoding=\"async\" width=\"769\" height=\"1024\" src=\"https:\/\/cetprofeyalegria23.edu.pe\/wp-content\/uploads\/2025\/11\/ORIENTACION-VOCACIONAL-01-769x1024.jpg\" alt=\"\" class=\"wp-image-187\" style=\"aspect-ratio:4\/3;object-fit:cover\" srcset=\"https:\/\/cetprofeyalegria23.edu.pe\/wp-content\/uploads\/2025\/11\/ORIENTACION-VOCACIONAL-01-769x1024.jpg 769w, https:\/\/cetprofeyalegria23.edu.pe\/wp-content\/uploads\/2025\/11\/ORIENTACION-VOCACIONAL-01-225x300.jpg 225w, https:\/\/cetprofeyalegria23.edu.pe\/wp-content\/uploads\/2025\/11\/ORIENTACION-VOCACIONAL-01-768x1023.jpg 768w, https:\/\/cetprofeyalegria23.edu.pe\/wp-content\/uploads\/2025\/11\/ORIENTACION-VOCACIONAL-01-1153x1536.jpg 1153w, https:\/\/cetprofeyalegria23.edu.pe\/wp-content\/uploads\/2025\/11\/ORIENTACION-VOCACIONAL-01.jpg 1201w\" sizes=\"auto, (max-width: 769px) 100vw, 769px\" \/><\/figure>\n<\/div>\n\n\n\n<div class=\"wp-block-column is-vertically-aligned-center is-layout-flow wp-block-column-is-layout-flow\">\n<p class=\"has-text-align-center\"><strong>ORIENTACI\u00d3N VOCACIONAL<\/strong><\/p>\n\n\n\n<p class=\"has-text-align-center\"><p style=\"text-align: justify;\">CETPRO Fe y Alegr\u00eda N.\u00b0 23 realiz\u00f3 una visita de orientaci\u00f3n vocacional a la Instituci\u00f3n Educativa C\u00e9sar Vallejo, con el objetivo de brindar informaci\u00f3n sobre los programas de estudio t\u00e9cnico que ofrece nuestra instituci\u00f3n.<\/p><\/p>\n<\/div>\n<\/div>\n\n\n\n<div class=\"wp-block-columns is-layout-flex wp-container-core-columns-is-layout-28f84493 wp-block-columns-is-layout-flex\">\n<div class=\"wp-block-column is-layout-flow wp-block-column-is-layout-flow\">\n<figure class=\"wp-block-image size-large\"><a href=\"https:\/\/cetprofeyalegria23.edu.pe\/index.php\/galeria-ginkana-2025\/\"><img loading=\"lazy\" decoding=\"async\" width=\"1024\" height=\"771\" src=\"https:\/\/cetprofeyalegria23.edu.pe\/wp-content\/uploads\/2025\/11\/WhatsApp-Image-2025-11-10-at-8.02.25-PM-2-1024x771.jpeg\" alt=\"\" class=\"wp-image-233\" style=\"aspect-ratio:4\/3;object-fit:cover\" srcset=\"https:\/\/cetprofeyalegria23.edu.pe\/wp-content\/uploads\/2025\/11\/WhatsApp-Image-2025-11-10-at-8.02.25-PM-2-1024x771.jpeg 1024w, https:\/\/cetprofeyalegria23.edu.pe\/wp-content\/uploads\/2025\/11\/WhatsApp-Image-2025-11-10-at-8.02.25-PM-2-300x226.jpeg 300w, https:\/\/cetprofeyalegria23.edu.pe\/wp-content\/uploads\/2025\/11\/WhatsApp-Image-2025-11-10-at-8.02.25-PM-2-768x578.jpeg 768w, https:\/\/cetprofeyalegria23.edu.pe\/wp-content\/uploads\/2025\/11\/WhatsApp-Image-2025-11-10-at-8.02.25-PM-2-1536x1156.jpeg 1536w, https:\/\/cetprofeyalegria23.edu.pe\/wp-content\/uploads\/2025\/11\/WhatsApp-Image-2025-11-10-at-8.02.25-PM-2.jpeg 1600w\" sizes=\"auto, (max-width: 1024px) 100vw, 1024px\" \/><\/a><\/figure>\n<\/div>\n\n\n\n<div class=\"wp-block-column is-vertically-aligned-center is-layout-flow wp-block-column-is-layout-flow\">\n<p class=\"has-text-align-center\"><strong>DIA DE LA JUVENTUD<\/strong><\/p>\n\n\n\n<p class=\"has-text-align-center\"><p style=\"text-align: justify;\">El CETPRO Fe y Alegr\u00eda N.\u00ba 23 realiz\u00f3 el d\u00eda de la juventud con los estudiantes de todas las especialidades en una tarde deportiva.<\/p><\/p>\n<\/div>\n<\/div>\n\n\n\n<div class=\"wp-block-columns is-layout-flex wp-container-core-columns-is-layout-28f84493 wp-block-columns-is-layout-flex\">\n<div class=\"wp-block-column is-layout-flow wp-block-column-is-layout-flow\">\n<figure class=\"wp-block-image size-large\"><a href=\"https:\/\/cetprofeyalegria23.edu.pe\/index.php\/galeria-simulacro-de-sismo\/\"><img loading=\"lazy\" decoding=\"async\" width=\"1024\" height=\"461\" src=\"https:\/\/cetprofeyalegria23.edu.pe\/wp-content\/uploads\/2025\/11\/simulacro-sismo-1024x461.jpg\" alt=\"\" class=\"wp-image-312\" style=\"aspect-ratio:4\/3;object-fit:cover\" srcset=\"https:\/\/cetprofeyalegria23.edu.pe\/wp-content\/uploads\/2025\/11\/simulacro-sismo-1024x461.jpg 1024w, https:\/\/cetprofeyalegria23.edu.pe\/wp-content\/uploads\/2025\/11\/simulacro-sismo-300x135.jpg 300w, https:\/\/cetprofeyalegria23.edu.pe\/wp-content\/uploads\/2025\/11\/simulacro-sismo-768x346.jpg 768w, https:\/\/cetprofeyalegria23.edu.pe\/wp-content\/uploads\/2025\/11\/simulacro-sismo.jpg 1280w\" sizes=\"auto, (max-width: 1024px) 100vw, 1024px\" \/><\/a><\/figure>\n<\/div>\n\n\n\n<div class=\"wp-block-column is-vertically-aligned-center is-layout-flow wp-block-column-is-layout-flow\">\n<p class=\"has-text-align-center\"><strong>TODOS PREPARADOS ANTE UN SISMO<\/strong><\/p>\n\n\n\n<p><p style=\"text-align: justify;\">El pasado 13 de octubre de 2025 a las 8:00 p.m., los estudiantes del CETPRO Fe y Alegr\u00eda 23, junto a sus docentes y la Comisi\u00f3n de Riesgos y Desastres, participaron con entusiasmo y compromiso en el <strong>3er Simulacro Nacional Multipeligro por Sismo<\/strong>.<\/p><\/p>\n\n\n\n<p class=\"has-text-align-center\">Cada simulacro nos ense\u00f1a a actuar con calma, solidaridad y responsabilidad. <\/p>\n<\/div>\n<\/div>\n\n\n\n<div class=\"wp-block-columns is-layout-flex wp-container-core-columns-is-layout-28f84493 wp-block-columns-is-layout-flex\">\n<div class=\"wp-block-column is-layout-flow wp-block-column-is-layout-flow\">\n<figure class=\"wp-block-image size-large\"><img loading=\"lazy\" decoding=\"async\" width=\"1024\" height=\"768\" src=\"https:\/\/cetprofeyalegria23.edu.pe\/wp-content\/uploads\/2025\/11\/558864256_1322292756356465_4119086503410886161_n-1024x768.jpg\" alt=\"\" class=\"wp-image-332\" style=\"aspect-ratio:4\/3;object-fit:cover\" srcset=\"https:\/\/cetprofeyalegria23.edu.pe\/wp-content\/uploads\/2025\/11\/558864256_1322292756356465_4119086503410886161_n-1024x768.jpg 1024w, https:\/\/cetprofeyalegria23.edu.pe\/wp-content\/uploads\/2025\/11\/558864256_1322292756356465_4119086503410886161_n-300x225.jpg 300w, https:\/\/cetprofeyalegria23.edu.pe\/wp-content\/uploads\/2025\/11\/558864256_1322292756356465_4119086503410886161_n-768x576.jpg 768w, https:\/\/cetprofeyalegria23.edu.pe\/wp-content\/uploads\/2025\/11\/558864256_1322292756356465_4119086503410886161_n.jpg 1280w\" sizes=\"auto, (max-width: 1024px) 100vw, 1024px\" \/><\/figure>\n<\/div>\n\n\n\n<div class=\"wp-block-column is-vertically-aligned-center is-layout-flow wp-block-column-is-layout-flow\">\n<p class=\"has-text-align-center\"><strong>FERIA DE CARRERAS Y ESPECIALIDADES 2025<\/strong><\/p>\n\n\n\n<p><p style=\"text-align: justify;\"><img loading=\"lazy\" decoding=\"async\" height=\"16\" width=\"16\" src=\"https:\/\/static.xx.fbcdn.net\/images\/emoji.php\/v9\/t39\/1\/16\/1f4e2.png\" alt=\"\ud83d\udce2\"> El CETPRO Fe y Alegr\u00eda 23 participa activamente brindando informaci\u00f3n sobre nuestras diversas especialidades t\u00e9cnicas a estudiantes de colegios y p\u00fablico en general. <img loading=\"lazy\" decoding=\"async\" height=\"16\" width=\"16\" src=\"https:\/\/static.xx.fbcdn.net\/images\/emoji.php\/v9\/tfd\/1\/16\/1f64c.png\" alt=\"\ud83d\ude4c\"> organizado por la comisar\u00eda de San Gabriel. Un espacio de orientaci\u00f3n vocacional donde los j\u00f3venes conocieron de cerca las oportunidades que ofrece la educaci\u00f3n t\u00e9cnico-productiva para construir su futuro profesional. <img loading=\"lazy\" decoding=\"async\" height=\"16\" width=\"16\" src=\"https:\/\/static.xx.fbcdn.net\/images\/emoji.php\/v9\/t6c\/1\/16\/1f4aa.png\" alt=\"\ud83d\udcaa\"><\/p><\/p>\n\n\n\n<p class=\"has-text-align-center\"><\/p>\n<\/div>\n<\/div>\n<\/div>\n\n\n\n<hr class=\"wp-block-separator has-alpha-channel-opacity\"\/>\n\n\n\n<h2 class=\"wp-block-heading alignfull has-text-align-center has-cm-color-3-color has-cm-color-2-background-color has-text-color has-background has-link-color wp-elements-772a40608634e422d4c17b108942498c\"><strong>PLANES DE ESTUDIO<\/strong><\/h2>\n\n\n\n<div class=\"wp-block-group is-layout-constrained wp-block-group-is-layout-constrained\">\n<div class=\"wp-block-columns is-layout-flex wp-container-core-columns-is-layout-28f84493 wp-block-columns-is-layout-flex\">\n<div class=\"wp-block-column is-layout-flow wp-block-column-is-layout-flow\">\n<figure class=\"wp-block-image size-full\"><a href=\"https:\/\/cetprofeyalegria23.edu.pe\/index.php\/apoyo-administrativo\/\"><img loading=\"lazy\" decoding=\"async\" width=\"950\" height=\"950\" src=\"https:\/\/cetprofeyalegria23.edu.pe\/wp-content\/uploads\/2025\/11\/950x950-apoyo-admin.jpg\" alt=\"\" class=\"wp-image-68\" style=\"aspect-ratio:1;object-fit:cover\" srcset=\"https:\/\/cetprofeyalegria23.edu.pe\/wp-content\/uploads\/2025\/11\/950x950-apoyo-admin.jpg 950w, https:\/\/cetprofeyalegria23.edu.pe\/wp-content\/uploads\/2025\/11\/950x950-apoyo-admin-300x300.jpg 300w, https:\/\/cetprofeyalegria23.edu.pe\/wp-content\/uploads\/2025\/11\/950x950-apoyo-admin-150x150.jpg 150w, https:\/\/cetprofeyalegria23.edu.pe\/wp-content\/uploads\/2025\/11\/950x950-apoyo-admin-768x768.jpg 768w\" sizes=\"auto, (max-width: 950px) 100vw, 950px\" \/><\/a><figcaption class=\"wp-element-caption\">APOYO ADMINISTRATIVO<\/figcaption><\/figure>\n<\/div>\n\n\n\n<div class=\"wp-block-column is-layout-flow wp-block-column-is-layout-flow\">\n<figure class=\"wp-block-image size-full\"><a href=\"https:\/\/cetprofeyalegria23.edu.pe\/index.php\/peluqueria-y-barberia\/\"><img loading=\"lazy\" decoding=\"async\" width=\"950\" height=\"950\" src=\"https:\/\/cetprofeyalegria23.edu.pe\/wp-content\/uploads\/2025\/11\/950x950-peluqueria.jpg\" alt=\"\" class=\"wp-image-69\" style=\"aspect-ratio:1;object-fit:cover\" srcset=\"https:\/\/cetprofeyalegria23.edu.pe\/wp-content\/uploads\/2025\/11\/950x950-peluqueria.jpg 950w, https:\/\/cetprofeyalegria23.edu.pe\/wp-content\/uploads\/2025\/11\/950x950-peluqueria-300x300.jpg 300w, https:\/\/cetprofeyalegria23.edu.pe\/wp-content\/uploads\/2025\/11\/950x950-peluqueria-150x150.jpg 150w, https:\/\/cetprofeyalegria23.edu.pe\/wp-content\/uploads\/2025\/11\/950x950-peluqueria-768x768.jpg 768w\" sizes=\"auto, (max-width: 950px) 100vw, 950px\" \/><\/a><figcaption class=\"wp-element-caption\">PELUQUER\u00cdA Y BARBER\u00cdA<\/figcaption><\/figure>\n<\/div>\n\n\n\n<div class=\"wp-block-column is-layout-flow wp-block-column-is-layout-flow\">\n<figure class=\"wp-block-image size-full\"><a href=\"https:\/\/cetprofeyalegria23.edu.pe\/index.php\/soporte-tecnico-y-operaciones-de-centros-de-computo\/\"><img loading=\"lazy\" decoding=\"async\" width=\"950\" height=\"950\" src=\"https:\/\/cetprofeyalegria23.edu.pe\/wp-content\/uploads\/2025\/11\/950x950-soporte.jpg\" alt=\"\" class=\"wp-image-70\" style=\"aspect-ratio:1;object-fit:cover\" srcset=\"https:\/\/cetprofeyalegria23.edu.pe\/wp-content\/uploads\/2025\/11\/950x950-soporte.jpg 950w, https:\/\/cetprofeyalegria23.edu.pe\/wp-content\/uploads\/2025\/11\/950x950-soporte-300x300.jpg 300w, https:\/\/cetprofeyalegria23.edu.pe\/wp-content\/uploads\/2025\/11\/950x950-soporte-150x150.jpg 150w, https:\/\/cetprofeyalegria23.edu.pe\/wp-content\/uploads\/2025\/11\/950x950-soporte-768x768.jpg 768w\" sizes=\"auto, (max-width: 950px) 100vw, 950px\" \/><\/a><figcaption class=\"wp-element-caption\">SOPORTE T\u00c9CNICO Y OPERACIONES DE CENTROS DE C\u00d3MPUTO<\/figcaption><\/figure>\n<\/div>\n<\/div>\n\n\n\n<div class=\"wp-block-columns is-layout-flex wp-container-core-columns-is-layout-28f84493 wp-block-columns-is-layout-flex\">\n<div class=\"wp-block-column is-layout-flow wp-block-column-is-layout-flow\">\n<figure class=\"wp-block-image size-large\"><a href=\"https:\/\/cetprofeyalegria23.edu.pe\/index.php\/corte-y-ensamblaje\/\"><img loading=\"lazy\" decoding=\"async\" width=\"768\" height=\"1024\" src=\"https:\/\/cetprofeyalegria23.edu.pe\/wp-content\/uploads\/2025\/11\/CORTE-Y-ENSAMBLAJE-GALERIA-768x1024.jpeg\" alt=\"\" class=\"wp-image-193\" style=\"aspect-ratio:1;object-fit:cover\" srcset=\"https:\/\/cetprofeyalegria23.edu.pe\/wp-content\/uploads\/2025\/11\/CORTE-Y-ENSAMBLAJE-GALERIA-768x1024.jpeg 768w, https:\/\/cetprofeyalegria23.edu.pe\/wp-content\/uploads\/2025\/11\/CORTE-Y-ENSAMBLAJE-GALERIA-225x300.jpeg 225w, https:\/\/cetprofeyalegria23.edu.pe\/wp-content\/uploads\/2025\/11\/CORTE-Y-ENSAMBLAJE-GALERIA-1152x1536.jpeg 1152w, https:\/\/cetprofeyalegria23.edu.pe\/wp-content\/uploads\/2025\/11\/CORTE-Y-ENSAMBLAJE-GALERIA.jpeg 1200w\" sizes=\"auto, (max-width: 768px) 100vw, 768px\" \/><\/a><figcaption class=\"wp-element-caption\">CORTE Y ENSAMBLAJE<\/figcaption><\/figure>\n<\/div>\n\n\n\n<div class=\"wp-block-column is-layout-flow wp-block-column-is-layout-flow\">\n<figure class=\"wp-block-image size-full\"><a href=\"https:\/\/cetprofeyalegria23.edu.pe\/wp-content\/uploads\/2025\/11\/PANADERIA-Y-PASTELERIA-GALERIA.jpeg\"><img loading=\"lazy\" decoding=\"async\" width=\"1600\" height=\"1200\" src=\"https:\/\/cetprofeyalegria23.edu.pe\/wp-content\/uploads\/2025\/11\/PANADERIA-Y-PASTELERIA-GALERIA.jpeg\" alt=\"\" class=\"wp-image-198\" style=\"aspect-ratio:1;object-fit:cover\" srcset=\"https:\/\/cetprofeyalegria23.edu.pe\/wp-content\/uploads\/2025\/11\/PANADERIA-Y-PASTELERIA-GALERIA.jpeg 1600w, https:\/\/cetprofeyalegria23.edu.pe\/wp-content\/uploads\/2025\/11\/PANADERIA-Y-PASTELERIA-GALERIA-300x225.jpeg 300w, https:\/\/cetprofeyalegria23.edu.pe\/wp-content\/uploads\/2025\/11\/PANADERIA-Y-PASTELERIA-GALERIA-1024x768.jpeg 1024w, https:\/\/cetprofeyalegria23.edu.pe\/wp-content\/uploads\/2025\/11\/PANADERIA-Y-PASTELERIA-GALERIA-768x576.jpeg 768w, https:\/\/cetprofeyalegria23.edu.pe\/wp-content\/uploads\/2025\/11\/PANADERIA-Y-PASTELERIA-GALERIA-1536x1152.jpeg 1536w\" sizes=\"auto, (max-width: 1600px) 100vw, 1600px\" \/><\/a><figcaption class=\"wp-element-caption\">PANADER\u00cdA Y PASTELER\u00cdA<\/figcaption><\/figure>\n<\/div>\n\n\n\n<div class=\"wp-block-column is-layout-flow wp-block-column-is-layout-flow\"><\/div>\n<\/div>\n<\/div>\n\n\n\n<hr class=\"wp-block-separator has-alpha-channel-opacity\"\/>\n\n\n\n<h2 class=\"wp-block-heading alignfull has-text-align-center has-cm-color-3-color has-cm-color-2-background-color has-text-color has-background has-link-color wp-elements-d1e77cae9285fe80e06ac6793b6bf72a\"><strong>PLANES MODULARES<\/strong><\/h2>\n\n\n\n<div class=\"wp-block-group is-layout-constrained wp-block-group-is-layout-constrained\">\n<div class=\"wp-block-columns is-layout-flex wp-container-core-columns-is-layout-28f84493 wp-block-columns-is-layout-flex\">\n<div class=\"wp-block-column is-layout-flow wp-block-column-is-layout-flow\">\n<figure class=\"wp-block-image size-large\"><a href=\"https:\/\/cetprofeyalegria23.edu.pe\/index.php\/estetica-personal\/\"><img loading=\"lazy\" decoding=\"async\" width=\"1024\" height=\"771\" src=\"https:\/\/cetprofeyalegria23.edu.pe\/wp-content\/uploads\/2025\/11\/CAPACITACION-PARA-ESTUDIANTES-ALISADO-PERMANENTE-1024x771.jpeg\" alt=\"\" class=\"wp-image-205\" style=\"aspect-ratio:1;object-fit:cover\"\/><\/a><figcaption class=\"wp-element-caption\">EST\u00c9TICA PERSONAL<\/figcaption><\/figure>\n<\/div>\n\n\n\n<div class=\"wp-block-column is-layout-flow wp-block-column-is-layout-flow\">\n<figure class=\"wp-block-image size-large\"><a href=\"https:\/\/cetprofeyalegria23.edu.pe\/index.php\/computacion-e-informatica\/\"><img loading=\"lazy\" decoding=\"async\" width=\"898\" height=\"1024\" src=\"https:\/\/cetprofeyalegria23.edu.pe\/wp-content\/uploads\/2025\/11\/COMPUTACION-GALERIA-rotated-e1762540213365-898x1024.jpg\" alt=\"\" class=\"wp-image-203\" style=\"aspect-ratio:1;object-fit:cover\" srcset=\"https:\/\/cetprofeyalegria23.edu.pe\/wp-content\/uploads\/2025\/11\/COMPUTACION-GALERIA-rotated-e1762540213365-898x1024.jpg 898w, https:\/\/cetprofeyalegria23.edu.pe\/wp-content\/uploads\/2025\/11\/COMPUTACION-GALERIA-rotated-e1762540213365-263x300.jpg 263w, https:\/\/cetprofeyalegria23.edu.pe\/wp-content\/uploads\/2025\/11\/COMPUTACION-GALERIA-rotated-e1762540213365-768x876.jpg 768w, https:\/\/cetprofeyalegria23.edu.pe\/wp-content\/uploads\/2025\/11\/COMPUTACION-GALERIA-rotated-e1762540213365.jpg 1080w\" sizes=\"auto, (max-width: 898px) 100vw, 898px\" \/><\/a><figcaption class=\"wp-element-caption\">COMPUTACI\u00d3N E INFORM\u00c1TICA<\/figcaption><\/figure>\n<\/div>\n<\/div>\n\n\n\n<div class=\"wp-block-columns is-layout-flex wp-container-core-columns-is-layout-28f84493 wp-block-columns-is-layout-flex\">\n<div class=\"wp-block-column is-layout-flow wp-block-column-is-layout-flow\">\n<figure class=\"wp-block-image size-large\"><a href=\"https:\/\/cetprofeyalegria23.edu.pe\/index.php\/electricidad-y-electronica\/\"><img loading=\"lazy\" decoding=\"async\" width=\"576\" height=\"1024\" src=\"https:\/\/cetprofeyalegria23.edu.pe\/wp-content\/uploads\/2025\/11\/ELECTRICIDAD-GALERIA-576x1024.jpg\" alt=\"\" class=\"wp-image-204\" style=\"aspect-ratio:1;object-fit:cover\" srcset=\"https:\/\/cetprofeyalegria23.edu.pe\/wp-content\/uploads\/2025\/11\/ELECTRICIDAD-GALERIA-576x1024.jpg 576w, https:\/\/cetprofeyalegria23.edu.pe\/wp-content\/uploads\/2025\/11\/ELECTRICIDAD-GALERIA-169x300.jpg 169w, https:\/\/cetprofeyalegria23.edu.pe\/wp-content\/uploads\/2025\/11\/ELECTRICIDAD-GALERIA-768x1365.jpg 768w, https:\/\/cetprofeyalegria23.edu.pe\/wp-content\/uploads\/2025\/11\/ELECTRICIDAD-GALERIA-864x1536.jpg 864w, https:\/\/cetprofeyalegria23.edu.pe\/wp-content\/uploads\/2025\/11\/ELECTRICIDAD-GALERIA-1152x2048.jpg 1152w, https:\/\/cetprofeyalegria23.edu.pe\/wp-content\/uploads\/2025\/11\/ELECTRICIDAD-GALERIA-scaled.jpg 1440w\" sizes=\"auto, (max-width: 576px) 100vw, 576px\" \/><\/a><figcaption class=\"wp-element-caption\">ELECTRICIDAD Y ELECTR\u00d3NICA<\/figcaption><\/figure>\n<\/div>\n\n\n\n<div class=\"wp-block-column is-layout-flow wp-block-column-is-layout-flow\">\n<figure class=\"wp-block-image size-large\"><a href=\"https:\/\/cetprofeyalegria23.edu.pe\/index.php\/hosteleria-y-turismo\/\"><img loading=\"lazy\" decoding=\"async\" width=\"1024\" height=\"636\" src=\"https:\/\/cetprofeyalegria23.edu.pe\/wp-content\/uploads\/2025\/11\/HOSTELERIA-GALERIA-e1762540665526-1024x636.jpeg\" alt=\"\" class=\"wp-image-202\" style=\"aspect-ratio:1;object-fit:cover\" srcset=\"https:\/\/cetprofeyalegria23.edu.pe\/wp-content\/uploads\/2025\/11\/HOSTELERIA-GALERIA-e1762540665526-1024x636.jpeg 1024w, https:\/\/cetprofeyalegria23.edu.pe\/wp-content\/uploads\/2025\/11\/HOSTELERIA-GALERIA-e1762540665526-300x186.jpeg 300w, https:\/\/cetprofeyalegria23.edu.pe\/wp-content\/uploads\/2025\/11\/HOSTELERIA-GALERIA-e1762540665526-768x477.jpeg 768w, https:\/\/cetprofeyalegria23.edu.pe\/wp-content\/uploads\/2025\/11\/HOSTELERIA-GALERIA-e1762540665526.jpeg 1160w\" sizes=\"auto, (max-width: 1024px) 100vw, 1024px\" \/><\/a><figcaption class=\"wp-element-caption\">HOSTELER\u00cdA Y TURISMO<\/figcaption><\/figure>\n<\/div>\n<\/div>\n<\/div>\n\n\n\n<p><\/p>\n","protected":false},"excerpt":{"rendered":"<p>ACTIVIDADES RECIENTES SORTEO DEL AUDIFONO AUSPICIADO POR LA INSTITUCION FE Y ALEGRIA DEL PER\u00da Se realizo un sorteo entre estudiantes<\/p>\n","protected":false},"author":1,"featured_media":0,"parent":0,"menu_order":0,"comment_status":"closed","ping_status":"closed","template":"","meta":{"colormag_page_container_layout":"default_layout","colormag_page_sidebar_layout":"default_layout","footnotes":""},"class_list":["post-25","page","type-page","status-publish","hentry"],"_links":{"self":[{"href":"https:\/\/cetprofeyalegria23.edu.pe\/index.php\/wp-json\/wp\/v2\/pages\/25","targetHints":{"allow":["GET"]}}],"collection":[{"href":"https:\/\/cetprofeyalegria23.edu.pe\/index.php\/wp-json\/wp\/v2\/pages"}],"about":[{"href":"https:\/\/cetprofeyalegria23.edu.pe\/index.php\/wp-json\/wp\/v2\/types\/page"}],"author":[{"embeddable":true,"href":"https:\/\/cetprofeyalegria23.edu.pe\/index.php\/wp-json\/wp\/v2\/users\/1"}],"replies":[{"embeddable":true,"href":"https:\/\/cetprofeyalegria23.edu.pe\/index.php\/wp-json\/wp\/v2\/comments?post=25"}],"version-history":[{"count":45,"href":"https:\/\/cetprofeyalegria23.edu.pe\/index.php\/wp-json\/wp\/v2\/pages\/25\/revisions"}],"predecessor-version":[{"id":333,"href":"https:\/\/cetprofeyalegria23.edu.pe\/index.php\/wp-json\/wp\/v2\/pages\/25\/revisions\/333"}],"wp:attachment":[{"href":"https:\/\/cetprofeyalegria23.edu.pe\/index.php\/wp-json\/wp\/v2\/media?parent=25"}],"curies":[{"name":"wp","href":"https:\/\/api.w.org\/{rel}","templated":true}]}}